{"id":917,"date":"2024-06-25T12:30:40","date_gmt":"2024-06-25T10:30:40","guid":{"rendered":"http:\/\/agrodes.es\/?page_id=917"},"modified":"2024-06-25T17:24:03","modified_gmt":"2024-06-25T15:24:03","slug":"aviso-legal","status":"publish","type":"page","link":"https:\/\/agrodes.es\/en\/aviso-legal\/","title":{"rendered":"Aviso Legal"},"content":{"rendered":"<p>[et_pb_section fb_built=&#8221;1&#8243; admin_label=&#8221;Market Information Section&#8221; _builder_version=&#8221;4.16&#8243; custom_padding=&#8221;100px||100px|&#8221; global_colors_info=&#8221;{}&#8221;][et_pb_row column_structure=&#8221;1_3,2_3&#8243; admin_label=&#8221;Market Information Title Area&#8221; _builder_version=&#8221;4.16&#8243; custom_padding=&#8221;40px|0px|40px|0px&#8221; global_colors_info=&#8221;{}&#8221;][et_pb_column type=&#8221;1_3&#8243; _builder_version=&#8221;4.16&#8243; custom_padding=&#8221;|||&#8221; global_colors_info=&#8221;{}&#8221; custom_padding__hover=&#8221;|||&#8221;][et_pb_text admin_label=&#8221;Title&#8221; _builder_version=&#8221;4.16&#8243; text_font=&#8221;||||||||&#8221; header_font=&#8221;||||||||&#8221; header_2_font=&#8221;Lato||||||||&#8221; header_2_font_size=&#8221;36px&#8221; header_2_line_height=&#8221;1.5em&#8221; custom_padding=&#8221;|||&#8221; animation_direction=&#8221;left&#8221; global_colors_info=&#8221;{}&#8221;]<\/p>\n<h2>Aviso Legal<\/h2>\n<p>[\/et_pb_text][\/et_pb_column][et_pb_column type=&#8221;2_3&#8243; _builder_version=&#8221;4.16&#8243; custom_padding=&#8221;|||&#8221; global_colors_info=&#8221;{}&#8221; custom_padding__hover=&#8221;|||&#8221;][\/et_pb_column][\/et_pb_row][et_pb_row _builder_version=&#8221;4.22.1&#8243; _module_preset=&#8221;default&#8221; global_colors_info=&#8221;{}&#8221;][et_pb_column type=&#8221;4_4&#8243; _builder_version=&#8221;4.22.1&#8243; _module_preset=&#8221;default&#8221; global_colors_info=&#8221;{}&#8221;][et_pb_text _builder_version=&#8221;4.22.1&#8243; _module_preset=&#8221;default&#8221; text_text_color=&#8221;#000000&#8243; global_colors_info=&#8221;{}&#8221;]<\/p>\n<p>Datos del responsable:<\/p>\n<p>En cumplimiento del art\u00edculo 10 de la Ley 34\/2002, de 11 de julio, de Servicios de la Sociedad de la Informaci\u00f3n y Comercio Electr\u00f3nico, a continuaci\u00f3n se exponen los datos identificativos del responsable.<\/p>\n<p><strong>Denominaci\u00f3n social:<\/strong> AGRODESARROLLO Y SOLUCIONES S.L<\/p>\n<p><strong>Marca comercial:\u00a0<\/strong>AGRODES S.L<\/p>\n<p><strong>N.I.F.:<\/strong> B01882711<\/p>\n<p><strong>Domicilio Fiscal:<\/strong> Calle Andaluc\u00eda, 22.<\/p>\n<p><strong>Tel\u00e9fono:<\/strong> 979611347<\/p>\n<p><strong>Correo electr\u00f3nico:<\/strong> administraci\u00f3n@agrodes.es<\/p>\n<p>Propiedad intelectual<\/p>\n<p>El c\u00f3digo fuente, los dise\u00f1os gr\u00e1ficos, las im\u00e1genes, las fotograf\u00edas, los sonidos, las animaciones, el software, los textos, as\u00ed como la informaci\u00f3n y los contenidos que se recogen en el presente sitio web est\u00e1n protegidos por la legislaci\u00f3n espa\u00f1ola sobre los derechos de propiedad intelectual e industrial a favor de AGRODES S.L y no se permite la reproducci\u00f3n y\/o publicaci\u00f3n, total o parcial, del sitio web, ni su tratamiento inform\u00e1tico, su distribuci\u00f3n, su difusi\u00f3n, ni su modificaci\u00f3n, transformaci\u00f3n o descompilaci\u00f3n, ni dem\u00e1s derechos reconocidos legalmente a su titular, sin el permiso previo y por escrito del mismo AGRODES S.L.<\/p>\n<p>El usuario, \u00fanica y exclusivamente, puede utilizar el material que aparezca en este sitio web para su uso personal y privado, quedando prohibido su uso con fines comerciales o para incurrir en actividades il\u00edcitas. Todos los derechos derivados de la propiedad intelectual est\u00e1n expresamente reservados por AGRODES S.L.<\/p>\n<p>AGRODES S.L velar\u00e1 por el cumplimiento de las anteriores condiciones como por la debida utilizaci\u00f3n de los contenidos presentados en sus p\u00e1ginas web, ejercit\u00e1ndose todas las acciones civiles y penales que le correspondan en el caso de infracci\u00f3n o incumplimiento de estos derechos por parte del usuario.<\/p>\n<p>Protecci\u00f3n de datos de car\u00e1cter personal<\/p>\n<p>Sus datos datos personales se incorporan a ficheros de los que es responsable AGRODES S.L, con domicilio en calle Andaluc\u00eda, 22, 34004 Palencia (Palencia), cuya finalidad es la gesti\u00f3n de datos recogidos en los formularios de la p\u00e1gina web, la gesti\u00f3n de contactos, la realizaci\u00f3n de acciones de comunicaci\u00f3n comercial y la respuesta a consultas y sugerencias, siendo obligatorio su consentimiento, que es causa legitima de dicho tratamiento. De no prestarlo no podremos atender su solicitud. Estos datos se conservaran por tiempo indefinido en tanto no manifieste su voluntad en contra.<\/p>\n<p>Sus datos no se ceder\u00e1n a ninguna entidad sin su consentimiento previo.<\/p>\n<p>Puede ejercitar los derechos de acceso, rectificaci\u00f3n, limitaci\u00f3n de tratamiento, supresi\u00f3n, portabilidad, cancelaci\u00f3n y revocar el consentimiento prestado, dirigiendo escrito con copia de su DNI a la direcci\u00f3n anteriormente citada o al correo electr\u00f3nico: administraci\u00f3n@agrodes.es<\/p>\n<p>Tambi\u00e9n podr\u00e1 en caso de no ver atendidos sus derechos presentar su reclamaci\u00f3n a la Agencia Espa\u00f1ola de Protecci\u00f3n de Datos.<\/p>\n<p>Varios<\/p>\n<ol>\n<li>AGRODES S.L podr\u00e1 modificar, sin previo aviso, la informaci\u00f3n contenida en su sitio web, as\u00ed como su configuraci\u00f3n y presentaci\u00f3n.<\/li>\n<li>AGRODES S.L se compromete a trav\u00e9s de este medio a NO REALIZAR PUBLICIDAD ENGA\u00d1OSA. A estos efectos, por lo tanto, no ser\u00e1n considerados como publicidad enga\u00f1osa los errores formales o num\u00e9ricos que puedan encontrarse a lo largo del contenido de las distintas secciones de la web de AGRODES S.L producidos como consecuencia de un mantenimiento y\/o actualizaci\u00f3n incompleta o defectuosa de la informaci\u00f3n contenida en estas secciones. AGRODES S.L como consecuencia de lo dispuesto en este apartado, se compromete a corregirlo tan pronto como tenga conocimiento de dichos errores.<\/li>\n<li>AGRODES S.L se compromete a NO REMITIR COMUNICACIONES COMERCIALES SIN IDENTIFICARLAS COMO TALES, conforme a lo dispuesto en la Ley 34\/2002 de Servicios de la Sociedad de la Informaci\u00f3n y de comercio electr\u00f3nico. A estos efectos no ser\u00e1 considerado como comunicaci\u00f3n comercial toda la informaci\u00f3n que se env\u00ede a las personas interesadas siempre que tenga por finalidad el mantenimiento de la relaci\u00f3n existente, as\u00ed como el desempe\u00f1o de las tareas de informaci\u00f3n y otras actividades propias de la entidad.<\/li>\n<li>AGRODES S.L no se hace responsable del incumplimiento de cualquier norma aplicable en que pueda incurrir el usuario en su acceso al sitio web el presente sitio web y\/o en el uso de las informaciones contenidas en el mismo.<\/li>\n<li>AGRODES S.L no ser\u00e1 responsable de los da\u00f1os y perjuicios producidos o que puedan producirse, cualquiera que sea su naturaleza, que se deriven del uso de la informaci\u00f3n, de las materias contenidas en este web site y de los programas que incorpora. Los enlaces (links) e hipertexto que posibiliten, a trav\u00e9s del sitio web el presente sitio web, acceder al usuario a prestaciones y servicios ofrecidos por terceros, no pertenecen ni se encuentran bajo el control de AGRODES S.L; dicha entidad no se hace responsable ni de la informaci\u00f3n contenida en los mismos, ni de cualesquiera efectos que pudieran derivarse de dicha informaci\u00f3n.<\/li>\n<li>AGRODES S.L no se hace responsable del uso ileg\u00edtimo que terceras personas puedan hacer de los nombres de marca, nombres de producto, marcas comerciales que, no siendo propiedad de dicha entidad, aparezcan en el presente sitio web. Tampoco se responsabiliza de la integridad, veracidad y licitud del contenido de los enlaces a las webs a las que pueda accederse desde el presente sitio web.<\/li>\n<li>En definitiva, el Usuario es el \u00fanico responsable del uso que realice de los servicios, contenidos, enlaces (links) e hipertexto incluidos en el sitio web el presente sitio web.<\/li>\n<\/ol>\n<p>[\/et_pb_text][\/et_pb_column][\/et_pb_row][\/et_pb_section][et_pb_section fb_built=&#8221;1&#8243; _builder_version=&#8221;4.22.1&#8243; _module_preset=&#8221;default&#8221; custom_padding=&#8221;||0px|||&#8221; global_colors_info=&#8221;{}&#8221; theme_builder_area=&#8221;post_content&#8221;][et_pb_row _builder_version=&#8221;4.22.1&#8243; _module_preset=&#8221;default&#8221; global_colors_info=&#8221;{}&#8221; theme_builder_area=&#8221;post_content&#8221;][et_pb_column type=&#8221;4_4&#8243; _builder_version=&#8221;4.22.1&#8243; _module_preset=&#8221;default&#8221; global_colors_info=&#8221;{}&#8221; theme_builder_area=&#8221;post_content&#8221;][et_pb_image src=&#8221;http:\/\/agrodes.es\/wp-content\/uploads\/2024\/06\/Mesa-de-trabajo-1.png&#8221; title_text=&#8221;Mesa-de-trabajo-1&#8243; _builder_version=&#8221;4.22.1&#8243; _module_preset=&#8221;default&#8221; global_colors_info=&#8221;{}&#8221; theme_builder_area=&#8221;post_content&#8221;][\/et_pb_image][\/et_pb_column][\/et_pb_row][\/et_pb_section]<\/p>","protected":false},"excerpt":{"rendered":"<p>Aviso LegalDatos del responsable: En cumplimiento del art\u00edculo 10 de la Ley 34\/2002, de 11 de julio, de Servicios de la Sociedad de la Informaci\u00f3n y Comercio Electr\u00f3nico, a continuaci\u00f3n se exponen los datos identificativos del responsable. Denominaci\u00f3n social: AGRODESARROLLO Y SOLUCIONES S.L Marca comercial:\u00a0AGRODES S.L N.I.F.: B01882711 Domicilio Fiscal: Calle Andaluc\u00eda, 22. Tel\u00e9fono: 979611347 [&hellip;]<\/p>","protected":false},"author":1,"featured_media":0,"parent":0,"menu_order":0,"comment_status":"closed","ping_status":"closed","template":"","meta":{"_et_pb_use_builder":"on","_et_pb_old_content":"","_et_gb_content_width":"","footnotes":""},"class_list":["post-917","page","type-page","status-publish","hentry"],"yoast_head":"<!-- This site is optimized with the Yoast SEO plugin v22.9 - https:\/\/yoast.com\/wordpress\/plugins\/seo\/ -->\n<title>Aviso Legal - agrodes.es<\/title>\n<meta name=\"robots\" content=\"index, follow, max-snippet:-1, max-image-preview:large, max-video-preview:-1\" \/>\n<link rel=\"canonical\" href=\"https:\/\/agrodes.es\/en\/aviso-legal\/\" \/>\n<meta property=\"og:locale\" content=\"en_GB\" \/>\n<meta property=\"og:type\" content=\"article\" \/>\n<meta property=\"og:title\" content=\"Aviso Legal - agrodes.es\" \/>\n<meta property=\"og:description\" content=\"Aviso LegalDatos del responsable: En cumplimiento del art\u00edculo 10 de la Ley 34\/2002, de 11 de julio, de Servicios de la Sociedad de la Informaci\u00f3n y Comercio Electr\u00f3nico, a continuaci\u00f3n se exponen los datos identificativos del responsable. Denominaci\u00f3n social: AGRODESARROLLO Y SOLUCIONES S.L Marca comercial:\u00a0AGRODES S.L N.I.F.: B01882711 Domicilio Fiscal: Calle Andaluc\u00eda, 22. Tel\u00e9fono: 979611347 [&hellip;]\" \/>\n<meta property=\"og:url\" content=\"https:\/\/agrodes.es\/en\/aviso-legal\/\" \/>\n<meta property=\"og:site_name\" content=\"agrodes.es\" \/>\n<meta property=\"article:publisher\" content=\"https:\/\/www.facebook.com\/search\/top?q=agrodesarrolloysoluciones\" \/>\n<meta property=\"article:modified_time\" content=\"2024-06-25T15:24:03+00:00\" \/>\n<meta name=\"twitter:card\" content=\"summary_large_image\" \/>\n<script type=\"application\/ld+json\" class=\"yoast-schema-graph\">{\"@context\":\"https:\/\/schema.org\",\"@graph\":[{\"@type\":\"WebPage\",\"@id\":\"https:\/\/agrodes.es\/aviso-legal\/\",\"url\":\"https:\/\/agrodes.es\/aviso-legal\/\",\"name\":\"Aviso Legal - agrodes.es\",\"isPartOf\":{\"@id\":\"http:\/\/agrodes.es\/#website\"},\"datePublished\":\"2024-06-25T10:30:40+00:00\",\"dateModified\":\"2024-06-25T15:24:03+00:00\",\"breadcrumb\":{\"@id\":\"https:\/\/agrodes.es\/aviso-legal\/#breadcrumb\"},\"inLanguage\":\"en-GB\",\"potentialAction\":[{\"@type\":\"ReadAction\",\"target\":[\"https:\/\/agrodes.es\/aviso-legal\/\"]}]},{\"@type\":\"BreadcrumbList\",\"@id\":\"https:\/\/agrodes.es\/aviso-legal\/#breadcrumb\",\"itemListElement\":[{\"@type\":\"ListItem\",\"position\":1,\"name\":\"Portada\",\"item\":\"https:\/\/agrodes.es\/\"},{\"@type\":\"ListItem\",\"position\":2,\"name\":\"Aviso Legal\"}]},{\"@type\":\"WebSite\",\"@id\":\"http:\/\/agrodes.es\/#website\",\"url\":\"http:\/\/agrodes.es\/\",\"name\":\"agrodes.es\",\"description\":\"Somos una empresa joven y din\u00e1mica que da mucha importancia a la formaci\u00f3n y al asesoramiento personalizado. Dicho asesoramiento nos permite ofrecer soluciones agron\u00f3micas e innovadoras que repercutir\u00e1n en una mejora de los rendimientos de tu explotaci\u00f3n. \",\"publisher\":{\"@id\":\"http:\/\/agrodes.es\/#organization\"},\"potentialAction\":[{\"@type\":\"SearchAction\",\"target\":{\"@type\":\"EntryPoint\",\"urlTemplate\":\"http:\/\/agrodes.es\/?s={search_term_string}\"},\"query-input\":\"required name=search_term_string\"}],\"inLanguage\":\"en-GB\"},{\"@type\":\"Organization\",\"@id\":\"http:\/\/agrodes.es\/#organization\",\"name\":\"agrodes.es\",\"url\":\"http:\/\/agrodes.es\/\",\"logo\":{\"@type\":\"ImageObject\",\"inLanguage\":\"en-GB\",\"@id\":\"http:\/\/agrodes.es\/#\/schema\/logo\/image\/\",\"url\":\"http:\/\/agrodes.es\/wp-content\/uploads\/2024\/06\/2.jpg\",\"contentUrl\":\"http:\/\/agrodes.es\/wp-content\/uploads\/2024\/06\/2.jpg\",\"width\":578,\"height\":221,\"caption\":\"agrodes.es\"},\"image\":{\"@id\":\"http:\/\/agrodes.es\/#\/schema\/logo\/image\/\"},\"sameAs\":[\"https:\/\/www.facebook.com\/search\/top?q=agrodesarrolloysoluciones\",\"https:\/\/www.instagram.com\/agrodesarrollo_y_soluciones\/\"]}]}<\/script>\n<!-- \/ Yoast SEO plugin. -->","yoast_head_json":{"title":"Aviso Legal - agrodes.es","robots":{"index":"index","follow":"follow","max-snippet":"max-snippet:-1","max-image-preview":"max-image-preview:large","max-video-preview":"max-video-preview:-1"},"canonical":"https:\/\/agrodes.es\/en\/aviso-legal\/","og_locale":"en_GB","og_type":"article","og_title":"Aviso Legal - agrodes.es","og_description":"Aviso LegalDatos del responsable: En cumplimiento del art\u00edculo 10 de la Ley 34\/2002, de 11 de julio, de Servicios de la Sociedad de la Informaci\u00f3n y Comercio Electr\u00f3nico, a continuaci\u00f3n se exponen los datos identificativos del responsable. Denominaci\u00f3n social: AGRODESARROLLO Y SOLUCIONES S.L Marca comercial:\u00a0AGRODES S.L N.I.F.: B01882711 Domicilio Fiscal: Calle Andaluc\u00eda, 22. Tel\u00e9fono: 979611347 [&hellip;]","og_url":"https:\/\/agrodes.es\/en\/aviso-legal\/","og_site_name":"agrodes.es","article_publisher":"https:\/\/www.facebook.com\/search\/top?q=agrodesarrolloysoluciones","article_modified_time":"2024-06-25T15:24:03+00:00","twitter_card":"summary_large_image","schema":{"@context":"https:\/\/schema.org","@graph":[{"@type":"WebPage","@id":"https:\/\/agrodes.es\/aviso-legal\/","url":"https:\/\/agrodes.es\/aviso-legal\/","name":"Aviso Legal - agrodes.es","isPartOf":{"@id":"http:\/\/agrodes.es\/#website"},"datePublished":"2024-06-25T10:30:40+00:00","dateModified":"2024-06-25T15:24:03+00:00","breadcrumb":{"@id":"https:\/\/agrodes.es\/aviso-legal\/#breadcrumb"},"inLanguage":"en-GB","potentialAction":[{"@type":"ReadAction","target":["https:\/\/agrodes.es\/aviso-legal\/"]}]},{"@type":"BreadcrumbList","@id":"https:\/\/agrodes.es\/aviso-legal\/#breadcrumb","itemListElement":[{"@type":"ListItem","position":1,"name":"Portada","item":"https:\/\/agrodes.es\/"},{"@type":"ListItem","position":2,"name":"Aviso Legal"}]},{"@type":"WebSite","@id":"http:\/\/agrodes.es\/#website","url":"http:\/\/agrodes.es\/","name":"agrodes.es","description":"Somos una empresa joven y din\u00e1mica que da mucha importancia a la formaci\u00f3n y al asesoramiento personalizado. Dicho asesoramiento nos permite ofrecer soluciones agron\u00f3micas e innovadoras que repercutir\u00e1n en una mejora de los rendimientos de tu explotaci\u00f3n. ","publisher":{"@id":"http:\/\/agrodes.es\/#organization"},"potentialAction":[{"@type":"SearchAction","target":{"@type":"EntryPoint","urlTemplate":"http:\/\/agrodes.es\/?s={search_term_string}"},"query-input":"required name=search_term_string"}],"inLanguage":"en-GB"},{"@type":"Organization","@id":"http:\/\/agrodes.es\/#organization","name":"agrodes.es","url":"http:\/\/agrodes.es\/","logo":{"@type":"ImageObject","inLanguage":"en-GB","@id":"http:\/\/agrodes.es\/#\/schema\/logo\/image\/","url":"http:\/\/agrodes.es\/wp-content\/uploads\/2024\/06\/2.jpg","contentUrl":"http:\/\/agrodes.es\/wp-content\/uploads\/2024\/06\/2.jpg","width":578,"height":221,"caption":"agrodes.es"},"image":{"@id":"http:\/\/agrodes.es\/#\/schema\/logo\/image\/"},"sameAs":["https:\/\/www.facebook.com\/search\/top?q=agrodesarrolloysoluciones","https:\/\/www.instagram.com\/agrodesarrollo_y_soluciones\/"]}]}},"_links":{"self":[{"href":"https:\/\/agrodes.es\/en\/wp-json\/wp\/v2\/pages\/917","targetHints":{"allow":["GET"]}}],"collection":[{"href":"https:\/\/agrodes.es\/en\/wp-json\/wp\/v2\/pages"}],"about":[{"href":"https:\/\/agrodes.es\/en\/wp-json\/wp\/v2\/types\/page"}],"author":[{"embeddable":true,"href":"https:\/\/agrodes.es\/en\/wp-json\/wp\/v2\/users\/1"}],"replies":[{"embeddable":true,"href":"https:\/\/agrodes.es\/en\/wp-json\/wp\/v2\/comments?post=917"}],"version-history":[{"count":5,"href":"https:\/\/agrodes.es\/en\/wp-json\/wp\/v2\/pages\/917\/revisions"}],"predecessor-version":[{"id":955,"href":"https:\/\/agrodes.es\/en\/wp-json\/wp\/v2\/pages\/917\/revisions\/955"}],"wp:attachment":[{"href":"https:\/\/agrodes.es\/en\/wp-json\/wp\/v2\/media?parent=917"}],"curies":[{"name":"wp","href":"https:\/\/api.w.org\/{rel}","templated":true}]}}